{"id":4844,"date":"2022-09-15T13:42:12","date_gmt":"2022-09-15T13:42:12","guid":{"rendered":"https:\/\/www.sternenschmuck.ch\/?post_type=product&#038;p=4844"},"modified":"2025-10-17T09:58:42","modified_gmt":"2025-10-17T09:58:42","slug":"stilvolle-graue-perlenkette-lang","status":"publish","type":"product","link":"https:\/\/www.sternenschmuck.ch\/home\/product\/stilvolle-graue-perlenkette-lang\/","title":{"rendered":"stilvolle graue Perlenkette lang"},"content":{"rendered":"<p>Sch\u00f6ne, zeitlose, romantisch elegante Kette aus 4 mm feinen, grauen Perlen und Elementen aus 925 Sterlingsilber. Die Kette ist 85 cm lang und kann einfach oder zweifach um den Hals getragen werden. Die Kette verf\u00fcgt \u00fcber einen grossen Federring, an dem beliebig Anh\u00e4nger eingeh\u00e4ngt werden k\u00f6nnen. Das sch\u00f6ne Herz aus Silber ist 40 mm lang und passt perfekt zu jeder Gelegenheit.<\/p>\n","protected":false},"excerpt":{"rendered":"<p>Sch\u00f6ne, zeitlose, romantisch elegante Kette aus 4 mm feinen, grauen Perlen und Elementen aus 925 Sterlingsilber. Die Kette ist 85 cm lang und kann einfach oder zweifach um den Hals getragen werden. Die Kette verf\u00fcgt \u00fcber einen grossen Federring, an dem beliebig Anh\u00e4nger eingeh\u00e4ngt werden k\u00f6nnen. Das sch\u00f6ne Herz aus Silber ist 40 mm lang [&hellip;]<\/p>\n","protected":false},"featured_media":2275,"template":"","meta":{"om_disable_all_campaigns":false,"_monsterinsights_skip_tracking":false,"_monsterinsights_sitenote_active":false,"_monsterinsights_sitenote_note":"","_monsterinsights_sitenote_category":0,"ocean_post_layout":"","ocean_both_sidebars_style":"","ocean_both_sidebars_content_width":0,"ocean_both_sidebars_sidebars_width":0,"ocean_sidebar":"0","ocean_second_sidebar":"0","ocean_disable_margins":"enable","ocean_add_body_class":"","ocean_shortcode_before_top_bar":"","ocean_shortcode_after_top_bar":"","ocean_shortcode_before_header":"","ocean_shortcode_after_header":"","ocean_has_shortcode":"","ocean_shortcode_after_title":"","ocean_shortcode_before_footer_widgets":"","ocean_shortcode_after_footer_widgets":"","ocean_shortcode_before_footer_bottom":"","ocean_shortcode_after_footer_bottom":"","ocean_display_top_bar":"default","ocean_display_header":"default","ocean_header_style":"","ocean_center_header_left_menu":"0","ocean_custom_header_template":"0","ocean_custom_logo":0,"ocean_custom_retina_logo":0,"ocean_custom_logo_max_width":0,"ocean_custom_logo_tablet_max_width":0,"ocean_custom_logo_mobile_max_width":0,"ocean_custom_logo_max_height":0,"ocean_custom_logo_tablet_max_height":0,"ocean_custom_logo_mobile_max_height":0,"ocean_header_custom_menu":"0","ocean_menu_typo_font_family":"0","ocean_menu_typo_font_subset":"","ocean_menu_typo_font_size":0,"ocean_menu_typo_font_size_tablet":0,"ocean_menu_typo_font_size_mobile":0,"ocean_menu_typo_font_size_unit":"px","ocean_menu_typo_font_weight":"","ocean_menu_typo_font_weight_tablet":"","ocean_menu_typo_font_weight_mobile":"","ocean_menu_typo_transform":"","ocean_menu_typo_transform_tablet":"","ocean_menu_typo_transform_mobile":"","ocean_menu_typo_line_height":0,"ocean_menu_typo_line_height_tablet":0,"ocean_menu_typo_line_height_mobile":0,"ocean_menu_typo_line_height_unit":"","ocean_menu_typo_spacing":0,"ocean_menu_typo_spacing_tablet":0,"ocean_menu_typo_spacing_mobile":0,"ocean_menu_typo_spacing_unit":"","ocean_menu_link_color":"","ocean_menu_link_color_hover":"","ocean_menu_link_color_active":"","ocean_menu_link_background":"","ocean_menu_link_hover_background":"","ocean_menu_link_active_background":"","ocean_menu_social_links_bg":"","ocean_menu_social_hover_links_bg":"","ocean_menu_social_links_color":"","ocean_menu_social_hover_links_color":"","ocean_disable_title":"default","ocean_disable_heading":"default","ocean_post_title":"","ocean_post_subheading":"","ocean_post_title_style":"","ocean_post_title_background_color":"","ocean_post_title_background":0,"ocean_post_title_bg_image_position":"","ocean_post_title_bg_image_attachment":"","ocean_post_title_bg_image_repeat":"","ocean_post_title_bg_image_size":"","ocean_post_title_height":0,"ocean_post_title_bg_overlay":0.5,"ocean_post_title_bg_overlay_color":"","ocean_disable_breadcrumbs":"default","ocean_breadcrumbs_color":"","ocean_breadcrumbs_separator_color":"","ocean_breadcrumbs_links_color":"","ocean_breadcrumbs_links_hover_color":"","ocean_display_footer_widgets":"default","ocean_display_footer_bottom":"default","ocean_custom_footer_template":"0"},"product_brand":[],"product_cat":[127,126],"product_tag":[],"class_list":{"0":"post-4844","1":"product","2":"type-product","3":"status-publish","4":"has-post-thumbnail","6":"product_cat-halskette","7":"product_cat-schmuck","8":"product_shipping_class-versand-paket","10":"entry","11":"has-media","13":"first","14":"outofstock","15":"taxable","16":"shipping-taxable","17":"purchasable","18":"product-type-variable","19":"has-default-attributes","20":"has-product-nav","21":"col","22":"span_1_of_3","23":"owp-content-center","24":"owp-thumbs-layout-horizontal","25":"owp-btn-normal","26":"owp-tabs-layout-horizontal"},"aioseo_notices":[],"_links":{"self":[{"href":"https:\/\/www.sternenschmuck.ch\/home\/wp-json\/wp\/v2\/product\/4844","targetHints":{"allow":["GET"]}}],"collection":[{"href":"https:\/\/www.sternenschmuck.ch\/home\/wp-json\/wp\/v2\/product"}],"about":[{"href":"https:\/\/www.sternenschmuck.ch\/home\/wp-json\/wp\/v2\/types\/product"}],"version-history":[{"count":1,"href":"https:\/\/www.sternenschmuck.ch\/home\/wp-json\/wp\/v2\/product\/4844\/revisions"}],"predecessor-version":[{"id":4848,"href":"https:\/\/www.sternenschmuck.ch\/home\/wp-json\/wp\/v2\/product\/4844\/revisions\/4848"}],"wp:featuredmedia":[{"embeddable":true,"href":"https:\/\/www.sternenschmuck.ch\/home\/wp-json\/wp\/v2\/media\/2275"}],"wp:attachment":[{"href":"https:\/\/www.sternenschmuck.ch\/home\/wp-json\/wp\/v2\/media?parent=4844"}],"wp:term":[{"taxonomy":"product_brand","embeddable":true,"href":"https:\/\/www.sternenschmuck.ch\/home\/wp-json\/wp\/v2\/product_brand?post=4844"},{"taxonomy":"product_cat","embeddable":true,"href":"https:\/\/www.sternenschmuck.ch\/home\/wp-json\/wp\/v2\/product_cat?post=4844"},{"taxonomy":"product_tag","embeddable":true,"href":"https:\/\/www.sternenschmuck.ch\/home\/wp-json\/wp\/v2\/product_tag?post=4844"}],"curies":[{"name":"wp","href":"https:\/\/api.w.org\/{rel}","templated":true}]}}