{"id":6420,"date":"2024-04-19T14:45:27","date_gmt":"2024-04-19T14:45:27","guid":{"rendered":"https:\/\/www.sternenschmuck.ch\/?post_type=product&#038;p=6420"},"modified":"2025-10-17T09:48:25","modified_gmt":"2025-10-17T09:48:25","slug":"cream-softshelljacke-crsola","status":"publish","type":"product","link":"https:\/\/www.sternenschmuck.ch\/home\/product\/cream-softshelljacke-crsola\/","title":{"rendered":"Cream Softshelljacke CRSola"},"content":{"rendered":"<div class=\"detail-text\">Dieser hochwertige, gewebte A-f\u00f6rmige knielange Mantel ist perfekt f\u00fcr k\u00fchlere Tage. Mit langen \u00c4rmeln und aus elastischer Polyester-Mischung gefertigt, passt er gut zu Jeans und Stiefeln f\u00fcr einen zeitlosen Look. Ein &#171;must have&#187; auch bei Wind und Regen.<\/div>\n<div class=\"detail-text\">\n<p>&nbsp;<\/p>\n<p><strong>Mehr Info:<\/strong><\/p>\n<div data-text-more-info=\"Mehr Infos\" data-text-less-info=\"Weniger Infos\">\n<ul>\n<li>L\u00e4nge: knielang<\/li>\n<li>gem\u00fctliche Kapuze<\/li>\n<li class=\"ng-star-inserted\">Passform: A-shape<\/li>\n<li>Reissverschluss und silberne Druckkn\u00f6pfe<\/li>\n<li>kuscheliges Fleece-Futter<\/li>\n<li>regen- und windabweisend<\/li>\n<\/ul>\n<\/div>\n<\/div>\n<p>&nbsp;<\/p>\n<p><strong>So bleibt Dein Teil sch\u00f6n:<\/strong><br \/>\nMit \u00e4hnlichen Farben max. 30 Grad waschen, von links waschen, alle Verschl\u00fcsse vor dem Waschen schlie\u00dfen, fl\u00fcssiges Feinwaschmittel verwenden, keinen Weichsp\u00fcler verwenden.<\/p>\n<p><strong>Material: <\/strong>Aussenseite: Polyester 95%, Elasthan 5%, Innenseite: 100% Polyester<\/p>\n<p>&nbsp;<\/p>\n<p>&nbsp;<\/p>\n","protected":false},"excerpt":{"rendered":"<p>Dieser hochwertige, gewebte A-f\u00f6rmige knielange Mantel ist perfekt f\u00fcr k\u00fchlere Tage. Mit langen \u00c4rmeln und aus elastischer Polyester-Mischung gefertigt, passt er gut zu Jeans und Stiefeln f\u00fcr einen zeitlosen Look. Ein &#171;must have&#187; auch bei Wind und Regen. &nbsp; Mehr Info: L\u00e4nge: knielang gem\u00fctliche Kapuze Passform: A-shape Reissverschluss und silberne Druckkn\u00f6pfe kuscheliges Fleece-Futter regen- und [&hellip;]<\/p>\n","protected":false},"featured_media":6437,"template":"","meta":{"om_disable_all_campaigns":false,"_monsterinsights_skip_tracking":false,"_monsterinsights_sitenote_active":false,"_monsterinsights_sitenote_note":"","_monsterinsights_sitenote_category":0,"ocean_post_layout":"","ocean_both_sidebars_style":"","ocean_both_sidebars_content_width":0,"ocean_both_sidebars_sidebars_width":0,"ocean_sidebar":"0","ocean_second_sidebar":"0","ocean_disable_margins":"enable","ocean_add_body_class":"","ocean_shortcode_before_top_bar":"","ocean_shortcode_after_top_bar":"","ocean_shortcode_before_header":"","ocean_shortcode_after_header":"","ocean_has_shortcode":"","ocean_shortcode_after_title":"","ocean_shortcode_before_footer_widgets":"","ocean_shortcode_after_footer_widgets":"","ocean_shortcode_before_footer_bottom":"","ocean_shortcode_after_footer_bottom":"","ocean_display_top_bar":"default","ocean_display_header":"default","ocean_header_style":"","ocean_center_header_left_menu":"0","ocean_custom_header_template":"0","ocean_custom_logo":0,"ocean_custom_retina_logo":0,"ocean_custom_logo_max_width":0,"ocean_custom_logo_tablet_max_width":0,"ocean_custom_logo_mobile_max_width":0,"ocean_custom_logo_max_height":0,"ocean_custom_logo_tablet_max_height":0,"ocean_custom_logo_mobile_max_height":0,"ocean_header_custom_menu":"0","ocean_menu_typo_font_family":"0","ocean_menu_typo_font_subset":"","ocean_menu_typo_font_size":0,"ocean_menu_typo_font_size_tablet":0,"ocean_menu_typo_font_size_mobile":0,"ocean_menu_typo_font_size_unit":"px","ocean_menu_typo_font_weight":"","ocean_menu_typo_font_weight_tablet":"","ocean_menu_typo_font_weight_mobile":"","ocean_menu_typo_transform":"","ocean_menu_typo_transform_tablet":"","ocean_menu_typo_transform_mobile":"","ocean_menu_typo_line_height":0,"ocean_menu_typo_line_height_tablet":0,"ocean_menu_typo_line_height_mobile":0,"ocean_menu_typo_line_height_unit":"","ocean_menu_typo_spacing":0,"ocean_menu_typo_spacing_tablet":0,"ocean_menu_typo_spacing_mobile":0,"ocean_menu_typo_spacing_unit":"","ocean_menu_link_color":"","ocean_menu_link_color_hover":"","ocean_menu_link_color_active":"","ocean_menu_link_background":"","ocean_menu_link_hover_background":"","ocean_menu_link_active_background":"","ocean_menu_social_links_bg":"","ocean_menu_social_hover_links_bg":"","ocean_menu_social_links_color":"","ocean_menu_social_hover_links_color":"","ocean_disable_title":"default","ocean_disable_heading":"default","ocean_post_title":"","ocean_post_subheading":"","ocean_post_title_style":"","ocean_post_title_background_color":"","ocean_post_title_background":0,"ocean_post_title_bg_image_position":"","ocean_post_title_bg_image_attachment":"","ocean_post_title_bg_image_repeat":"","ocean_post_title_bg_image_size":"","ocean_post_title_height":0,"ocean_post_title_bg_overlay":0.5,"ocean_post_title_bg_overlay_color":"","ocean_disable_breadcrumbs":"default","ocean_breadcrumbs_color":"","ocean_breadcrumbs_separator_color":"","ocean_breadcrumbs_links_color":"","ocean_breadcrumbs_links_hover_color":"","ocean_display_footer_widgets":"default","ocean_display_footer_bottom":"default","ocean_custom_footer_template":"0"},"product_brand":[],"product_cat":[151,119],"product_tag":[188,187],"class_list":{"0":"post-6420","1":"product","2":"type-product","3":"status-publish","4":"has-post-thumbnail","6":"product_cat-cream-marke","7":"product_cat-jacke","8":"product_tag-cream","9":"product_tag-mantel","10":"product_shipping_class-versand-paket","12":"entry","13":"has-media","15":"first","16":"instock","17":"taxable","18":"shipping-taxable","19":"purchasable","20":"product-type-variable","21":"has-product-nav","22":"col","23":"span_1_of_3","24":"owp-content-center","25":"owp-thumbs-layout-horizontal","26":"owp-btn-normal","27":"owp-tabs-layout-horizontal"},"aioseo_notices":[],"_links":{"self":[{"href":"https:\/\/www.sternenschmuck.ch\/home\/wp-json\/wp\/v2\/product\/6420","targetHints":{"allow":["GET"]}}],"collection":[{"href":"https:\/\/www.sternenschmuck.ch\/home\/wp-json\/wp\/v2\/product"}],"about":[{"href":"https:\/\/www.sternenschmuck.ch\/home\/wp-json\/wp\/v2\/types\/product"}],"version-history":[{"count":1,"href":"https:\/\/www.sternenschmuck.ch\/home\/wp-json\/wp\/v2\/product\/6420\/revisions"}],"predecessor-version":[{"id":6438,"href":"https:\/\/www.sternenschmuck.ch\/home\/wp-json\/wp\/v2\/product\/6420\/revisions\/6438"}],"wp:featuredmedia":[{"embeddable":true,"href":"https:\/\/www.sternenschmuck.ch\/home\/wp-json\/wp\/v2\/media\/6437"}],"wp:attachment":[{"href":"https:\/\/www.sternenschmuck.ch\/home\/wp-json\/wp\/v2\/media?parent=6420"}],"wp:term":[{"taxonomy":"product_brand","embeddable":true,"href":"https:\/\/www.sternenschmuck.ch\/home\/wp-json\/wp\/v2\/product_brand?post=6420"},{"taxonomy":"product_cat","embeddable":true,"href":"https:\/\/www.sternenschmuck.ch\/home\/wp-json\/wp\/v2\/product_cat?post=6420"},{"taxonomy":"product_tag","embeddable":true,"href":"https:\/\/www.sternenschmuck.ch\/home\/wp-json\/wp\/v2\/product_tag?post=6420"}],"curies":[{"name":"wp","href":"https:\/\/api.w.org\/{rel}","templated":true}]}}